{"id":1022,"date":"2025-09-07T19:41:46","date_gmt":"2025-09-07T19:41:46","guid":{"rendered":"https:\/\/drew.jbeanwefiteam.com\/?page_id=1022"},"modified":"2026-03-13T16:05:02","modified_gmt":"2026-03-13T16:05:02","slug":"cookies-policy","status":"publish","type":"page","link":"https:\/\/drew.jbeanwefiteam.com\/es\/cookies-policy\/","title":{"rendered":"Pol\u00edtica de cookies"},"content":{"rendered":"<div class=\"et_pb_section_0 et_pb_section et_section_regular et_block_section\">\n<div class=\"et_pb_row_0 et_pb_row et_block_row\">\n<div class=\"et_pb_column_0 et_pb_column et_pb_column_4_4 et-last-child et_block_column et_pb_css_mix_blend_mode_passthrough\">\n<div class=\"et_pb_text_0 et_pb_text et_pb_bg_layout_light et_pb_module et_block_module preset--group--divi-text--divi-font-body--default\"><div class=\"et_pb_text_inner\"><p><!-- wp:paragraph --><\/p>\n<p>JBean WeFi Team LLC (\"nosotros\", \"nuestro\/a\") utiliza cookies en Mi Sitio Web https:\/\/drew.jbeanwefiteam.com (el \"Servicio\"). Al usar el Servicio, usted consiente el uso de cookies. Nuestra Pol\u00edtica de Cookies explica qu\u00e9 son las cookies, c\u00f3mo las usamos, c\u00f3mo terceros con los que podemos asociarnos pueden usar cookies en el Servicio, sus opciones sobre las cookies e informaci\u00f3n adicional sobre las cookies.<\/p>\n<p><!-- \/wp:paragraph --><br \/><!-- wp:paragraph --><br \/><strong>\u00bfQu\u00e9 son las cookies?<\/strong><br \/><!-- \/wp:paragraph --><br \/><!-- wp:paragraph --><\/p>\n<p>Las cookies son peque\u00f1os fragmentos de texto enviados por su navegador web por un sitio web que visita. Un archivo de cookie se almacena en su navegador web y permite al Servicio o a un tercero reconocerlo y hacer que su pr\u00f3xima visita sea m\u00e1s f\u00e1cil y el Servicio sea m\u00e1s \u00fatil para usted. Las cookies pueden ser \"persistentes\" o \"de sesi\u00f3n\".<\/p>\n<p><!-- \/wp:paragraph --><br \/><!-- wp:paragraph --><br \/><strong>C\u00f3mo https:\/\/drew.jbeanwefiteam.com utiliza cookies<\/strong><br \/><!-- \/wp:paragraph --><br \/><!-- wp:paragraph --><\/p>\n<p>Cuando usas y accedes al Servicio, podemos colocar varios archivos cookie en tu navegador web. Usamos cookies para los siguientes fines: para habilitar ciertas funciones del Servicio, para proporcionar an\u00e1lisis, para almacenar tus preferencias, para permitir la entrega de publicidad, incluida la publicidad conductual. Las cookies que podemos usar en el sitio pueden clasificarse de la siguiente manera:<\/p>\n<p><!-- \/wp:paragraph --><br \/><!-- wp:list --><\/p>\n<ul>\n<li>Estrictamente necesario<\/li>\n<li>Rendimiento<\/li>\n<li>Funcionalidad<\/li>\n<li>Focalizaci\u00f3n<\/li>\n<\/ul>\n<p><!-- \/wp:list --><br \/><!-- wp:paragraph --><\/p>\n<p>Algunas cookies pueden cumplir m\u00e1s de una de estas finalidades. Las cookies 'Estrictamente necesarias' te permiten navegar por https:\/\/drew.jbeanwefiteam.com y usar funciones esenciales como \u00e1reas seguras. Sin estas cookies, no podemos proporcionar los servicios solicitados.<\/p>\n<p><!-- \/wp:paragraph --><br \/><!-- wp:paragraph --><br \/><strong>Usamos estas cookies estrictamente necesarias para:<\/strong><br \/><!-- \/wp:paragraph --><br \/><!-- wp:paragraph --><\/p>\n<p>Identif\u00edquese como conectado a https:\/\/drew.jbeanwefiteam.com y para autenticarlo. Aseg\u00farese de conectarse al servicio correcto en https:\/\/drew.jbeanwefiteam.com cuando realicemos alg\u00fan cambio en la forma en que funciona.<\/p>\n<p><!-- \/wp:paragraph --><br \/><!-- wp:paragraph --><br \/><strong>Por motivos de seguridad<\/strong><br \/><!-- \/wp:paragraph --><br \/><!-- wp:paragraph --><\/p>\n<p>Aceptar estas cookies es una condici\u00f3n para usar https:\/\/drew.jbeanwefiteam.com, por lo que si las bloqueas, no podemos garantizar el rendimiento de https:\/\/drew.jbeanwefiteam.com durante tu visita. Las cookies de 'rendimiento' recopilan informaci\u00f3n sobre c\u00f3mo usas https:\/\/drew.jbeanwefiteam.com, por ejemplo, qu\u00e9 p\u00e1ginas visitas y si experimentas alg\u00fan error. Estas cookies no recopilan ninguna informaci\u00f3n que pueda identificarte y solo se utilizan para ayudarnos a mejorar el funcionamiento de https:\/\/drew.jbeanwefiteam.com, comprender los intereses de nuestros usuarios y medir la efectividad de nuestra publicidad.<\/p>\n<p><!-- \/wp:paragraph --><br \/><!-- wp:paragraph --><br \/><strong>Usamos cookies de rendimiento para:<\/strong><br \/><!-- \/wp:paragraph --><br \/><!-- wp:paragraph --><\/p>\n<p>Realizar anal\u00edtica web: y proporcionar estad\u00edsticas sobre c\u00f3mo se utiliza https:\/\/drew.jbeanwefiteam.com. Realizar seguimiento de afiliados: Proporcionar comentarios a las entidades afiliadas de que uno de nuestros visitantes tambi\u00e9n visit\u00f3 su sitio. Obtener datos sobre el n\u00famero de usuarios de https:\/\/drew.jbeanwefiteam.com que han visto un producto o servicio. Ayudarnos a mejorar https:\/\/drew.jbeanwefiteam.com midiendo cualquier error que ocurra. Probar diferentes dise\u00f1os para https:\/\/drew.jbeanwefiteam.com . Algunas de nuestras cookies de rendimiento son administradas por terceros.<\/p>\n<p><!-- \/wp:paragraph --><br \/><!-- wp:paragraph --><\/p>\n<p>'Las cookies de 'Funcionalidad' se utilizan para proporcionar servicios o para recordar configuraciones que mejoren tu visita.<\/p>\n<p><!-- \/wp:paragraph --><br \/><!-- wp:paragraph --><br \/><strong>Usamos cookies de 'Funcionalidad' para prop\u00f3sitos como:<\/strong><br \/><!-- \/wp:paragraph --><br \/><!-- wp:paragraph --><\/p>\n<p>Recordar configuraciones que hayas aplicado, como dise\u00f1o, tama\u00f1o de texto, preferencias y colores. Recordar si ya te hemos preguntado si quieres completar una encuesta. Recordar si has interactuado con un componente o lista en particular en la Plataforma https:\/\/drew.jbeanwefiteam.com, para que no se repita. Mostrarte cu\u00e1ndo has iniciado sesi\u00f3n en https:\/\/drew.jbeanwefiteam.com, para proporcionar y mostrar contenido de video incrustado. Algunas de estas cookies son administradas por terceros por nosotros. Las cookies de \u2018segmentaci\u00f3n\u2019 se utilizan para rastrear tu visita a https:\/\/drew.jbeanwefiteam.com, as\u00ed como a otros sitios web, aplicaciones y servicios en l\u00ednea, incluidas las p\u00e1ginas que has visitado y los enlaces que has seguido, lo que permite a https:\/\/drew.jbeanwefiteam.com mostrarte anuncios dirigidos en https:\/\/drew.jbeanwefiteam.com. .<\/p>\n<p><!-- \/wp:paragraph --><br \/><!-- wp:paragraph --><br \/><strong>Podr\u00edamos usar cookies de segmentaci\u00f3n para:<\/strong><br \/><!-- \/wp:paragraph --><br \/><!-- wp:paragraph --><\/p>\n<p>Mostrar anuncios dirigidos dentro de https:\/\/drew.jbeanwefiteam.com . Para mejorar c\u00f3mo entregamos anuncios y contenido personalizados, y para medir el \u00e9xito de las campa\u00f1as publicitarias en https:\/\/drew.jbeanwefiteam.com .<\/p>\n<p><!-- \/wp:paragraph --><br \/><!-- wp:paragraph --><\/p>\n<p>Cookies de terceros<\/p>\n<p><!-- \/wp:paragraph --><br \/><!-- wp:paragraph --><\/p>\n<p>Adem\u00e1s de nuestras cookies, tambi\u00e9n podemos utilizar diversas cookies de terceros para informar sobre las estad\u00edsticas de uso del Servicio, mostrar publicidad en y a trav\u00e9s del Servicio, etc.<\/p>\n<p><!-- \/wp:paragraph --><br \/><!-- wp:paragraph --><br \/><strong>\u00bfCu\u00e1les son tus opciones con respecto a las cookies?<\/strong><br \/><!-- \/wp:paragraph --><br \/><!-- wp:paragraph --><\/p>\n<p>Si deseas eliminar las cookies o indicar a tu navegador web que elimine o rechace las cookies, visita las p\u00e1ginas de ayuda de tu navegador web. Ten en cuenta, sin embargo, que si eliminas las cookies o te niegas a aceptarlas, es posible que no puedas utilizar todas las funciones que ofrecemos, es posible que no puedas guardar tus preferencias y algunas de nuestras p\u00e1ginas podr\u00edan no mostrarse correctamente.<\/p>\n<p><!-- \/wp:paragraph --><\/p>\n<p><!-- wp:separator --><\/p>\n<hr class=\"wp-block-separator\" \/><!-- \/wp:separator --><\/p>\n<p>&nbsp;<\/p>\n<p><!-- wp:paragraph --><\/p>\n<p>\u00daltima actualizaci\u00f3n: 7 de septiembre de 2025<\/p>\n<p><!-- \/wp:paragraph --><\/p>\n<\/div><\/div>\n<\/div>\n<\/div>\n<\/div>","protected":false},"excerpt":{"rendered":"","protected":false},"author":1,"featured_media":389,"parent":0,"menu_order":0,"comment_status":"closed","ping_status":"closed","template":"","meta":{"inline_featured_image":false,"footnotes":""},"class_list":["post-1022","page","type-page","status-publish","has-post-thumbnail","hentry"],"_links":{"self":[{"href":"https:\/\/drew.jbeanwefiteam.com\/es\/wp-json\/wp\/v2\/pages\/1022","targetHints":{"allow":["GET"]}}],"collection":[{"href":"https:\/\/drew.jbeanwefiteam.com\/es\/wp-json\/wp\/v2\/pages"}],"about":[{"href":"https:\/\/drew.jbeanwefiteam.com\/es\/wp-json\/wp\/v2\/types\/page"}],"author":[{"embeddable":true,"href":"https:\/\/drew.jbeanwefiteam.com\/es\/wp-json\/wp\/v2\/users\/1"}],"replies":[{"embeddable":true,"href":"https:\/\/drew.jbeanwefiteam.com\/es\/wp-json\/wp\/v2\/comments?post=1022"}],"version-history":[{"count":4,"href":"https:\/\/drew.jbeanwefiteam.com\/es\/wp-json\/wp\/v2\/pages\/1022\/revisions"}],"predecessor-version":[{"id":1739,"href":"https:\/\/drew.jbeanwefiteam.com\/es\/wp-json\/wp\/v2\/pages\/1022\/revisions\/1739"}],"wp:featuredmedia":[{"embeddable":true,"href":"https:\/\/drew.jbeanwefiteam.com\/es\/wp-json\/wp\/v2\/media\/389"}],"wp:attachment":[{"href":"https:\/\/drew.jbeanwefiteam.com\/es\/wp-json\/wp\/v2\/media?parent=1022"}],"curies":[{"name":"wp","href":"https:\/\/api.w.org\/{rel}","templated":true}]}}