{"id":1013,"date":"2025-09-07T19:36:18","date_gmt":"2025-09-07T19:36:18","guid":{"rendered":"https:\/\/drew.jbeanwefiteam.com\/?page_id=1013"},"modified":"2026-03-13T16:11:18","modified_gmt":"2026-03-13T16:11:18","slug":"privacy-notice-for-california-residents","status":"publish","type":"page","link":"https:\/\/drew.jbeanwefiteam.com\/es\/privacy-notice-for-california-residents\/","title":{"rendered":"Aviso de privacidad para residentes de California"},"content":{"rendered":"<div class=\"et_pb_section_0 et_pb_section et_section_regular et_block_section\">\n<div class=\"et_pb_row_0 et_pb_row et_block_row\">\n<div class=\"et_pb_column_0 et_pb_column et_pb_column_4_4 et-last-child et_block_column et_pb_css_mix_blend_mode_passthrough\">\n<div class=\"et_pb_text_0 et_pb_text et_pb_bg_layout_light et_pb_module et_block_module preset--group--divi-text--divi-font-body--default\"><div class=\"et_pb_text_inner\"><p><!-- wp:heading {\"level\":2} --><\/p>\n<h2><span style=\"color: #666699;\">D<\/span><span style=\"color: #666666;\"><span style=\"color: #666699;\">e<\/span>definiciones y referencias legales<\/span><\/h2>\n<p><span style=\"color: #666666;\"><!-- \/wp:heading --><\/span><\/p>\n<p><span style=\"color: #666666;\"><!-- wp:heading {\"level\":4} --><\/span><\/p>\n<h4><span style=\"color: #666666;\"><strong>Este sitio web (o esta aplicaci\u00f3n)<\/strong><\/span><\/h4>\n<p><span style=\"color: #666666;\"><!-- \/wp:heading --><\/span><br \/><span style=\"color: #666666;\"><!-- wp:paragraph --><\/span><\/p>\n<p><span style=\"color: #666666;\">La propiedad que permite la prestaci\u00f3n del Servicio.<\/span><\/p>\n<p><span style=\"color: #666666;\"><!-- \/wp:paragraph --><\/span><br \/><span style=\"color: #666666;\"><!-- wp:heading {\"level\":4} --><\/span><\/p>\n<h4><span style=\"color: #666666;\"><strong>El propietario (o Nosotros)<\/strong><\/span><\/h4>\n<p><span style=\"color: #666666;\"><!-- \/wp:heading --><\/span><br \/><span style=\"color: #666666;\"><!-- wp:paragraph --><\/span><\/p>\n<p><span style=\"color: #666666;\">JBean WeFi Team LLC - La persona f\u00edsica o jur\u00eddica que proporciona este sitio web y\/o el Servicio a los Usuarios.<\/span><\/p>\n<p><span style=\"color: #666666;\"><!-- \/wp:paragraph --><\/span><br \/><span style=\"color: #666666;\"><!-- wp:heading {\"level\":4} --><\/span><\/p>\n<h4><span style=\"color: #666666;\"><strong>Usuario<\/strong><\/span><\/h4>\n<p><span style=\"color: #666666;\"><!-- \/wp:heading --><\/span><br \/><span style=\"color: #666666;\"><!-- wp:paragraph --><\/span><\/p>\n<p><span style=\"color: #666666;\">La persona f\u00edsica o legal<\/span>a toda entidad que utilice este Sitio Web.<\/p>\n<p><!-- \/wp:paragraph --><\/p>\n<p><!-- wp:separator --><\/p>\n<hr class=\"wp-block-separator\" \/><!-- \/wp:separator --><\/p>\n<p><!-- wp:paragraph --><\/p>\n<p>Este Aviso de Privacidad para Residentes de California complementa la informaci\u00f3n contenida en la Pol\u00edtica de Privacidad del Sitio Web y se aplica \u00fanicamente a todos los visitantes, usuarios y dem\u00e1s personas que residen en el Estado de California. Hemos adoptado este aviso para cumplir con la Ley de Privacidad del Consumidor de California de 2018 (CCPA), y cualquier t\u00e9rmino definido en la CCPA tiene el mismo significado cuando se utiliza en este aviso.<\/p>\n<p><!-- \/wp:paragraph --><\/p>\n<p><!-- wp:heading {\"level\":2} --><\/p>\n<h2>Informaci\u00f3n que recopilamos<\/h2>\n<p><!-- \/wp:heading --><\/p>\n<p><!-- wp:paragraph --><\/p>\n<p>El sitio web recopila informaci\u00f3n que identifica, se relaciona con, describe, hace referencia, es capaz de asociarse con o podr\u00eda vincularse razonablemente, directa o indirectamente, con un consumidor o dispositivo en particular (\"informaci\u00f3n personal\").<\/p>\n<p><!-- \/wp:paragraph --><\/p>\n<p><!-- wp:paragraph --><\/p>\n<p>En particular, el sitio web ha recopilado las siguientes categor\u00edas de informaci\u00f3n personal de sus consumidores dentro de los \u00faltimos 12 meses:<\/p>\n<p><!-- \/wp:paragraph --><\/p>\n<p><!-- wp:table --><\/p>\n<figure class=\"wp-block-table\">\n<table class=\"has-fixed-layout\">\n<thead>\n<tr>\n<th>Categor\u00eda<\/th>\n<th>Ejemplos<\/th>\n<th>Recopilado<\/th>\n<\/tr>\n<\/thead>\n<tbody>\n<tr>\n<td>A. Identificadores.<\/td>\n<td>Un nombre real, alias, direcci\u00f3n postal, identificador personal \u00fanico, identificador en l\u00ednea, direcci\u00f3n de Protocolo de Internet, direcci\u00f3n de correo electr\u00f3nico, nombre de cuenta, n\u00famero de Seguro Social, n\u00famero de licencia de conducir, n\u00famero de pasaporte u otros identificadores similares.<\/td>\n<td>S\u00cd<\/td>\n<\/tr>\n<tr>\n<td>B. Categor\u00edas de informaci\u00f3n personal enumeradas en la ley de Registros de Clientes de California (Cal. Civ. Code \u00a7 1798.80(e)).<\/td>\n<td>Un nombre, una firma, un n\u00famero de Seguro Social, caracter\u00edsticas o descripci\u00f3n f\u00edsica, direcci\u00f3n, n\u00famero de tel\u00e9fono, n\u00famero de pasaporte, n\u00famero de licencia de conducir o de identificaci\u00f3n estatal, n\u00famero de p\u00f3liza de seguro, educaci\u00f3n, empleo, historial de empleo, n\u00famero de cuenta bancaria, n\u00famero de tarjeta de cr\u00e9dito, n\u00famero de tarjeta de d\u00e9bito, o cualquier otra informaci\u00f3n financiera, informaci\u00f3n m\u00e9dica, o informaci\u00f3n del seguro m\u00e9dico.<\/td>\n<td>NO<\/td>\n<\/tr>\n<tr>\n<td>C. Caracter\u00edsticas de clasificaci\u00f3n protegidas seg\u00fan la ley de California o la ley federal.<\/td>\n<td>Edad (40 a\u00f1os o m\u00e1s), raza, color, ascendencia, origen nacional, ciudadan\u00eda, religi\u00f3n o credo, estado civil, condici\u00f3n m\u00e9dica, discapacidad f\u00edsica o mental, sexo (incluyendo g\u00e9nero, identidad de g\u00e9nero, expresi\u00f3n de g\u00e9nero, embarazo o parto y condiciones m\u00e9dicas relacionadas), orientaci\u00f3n sexual, estatus de veterano o militar, informaci\u00f3n gen\u00e9tica (incluyendo informaci\u00f3n gen\u00e9tica familiar).<\/td>\n<td>NO<\/td>\n<\/tr>\n<tr>\n<td>D. Informaci\u00f3n comercial.<\/td>\n<td>Registros de bienes personales, productos o servicios comprados, obtenidos o considerados, u otros historiales o tendencias de compra o consumo.<\/td>\n<td>NO<\/td>\n<\/tr>\n<tr>\n<td>E. Informaci\u00f3n biom\u00e9trica.<\/td>\n<td>Caracter\u00edsticas gen\u00e9ticas, fisiol\u00f3gicas, conductuales y biol\u00f3gicas, o patrones de actividad utilizados para extraer una plantilla u otro identificador o informaci\u00f3n de identificaci\u00f3n, como huellas dactilares, rasgos faciales, huellas de voz, escaneos de iris o retina, patrones de tecleo, forma de caminar u otros patrones f\u00edsicos, y datos sobre el sue\u00f1o, la salud o el ejercicio.<\/td>\n<td>NO<\/td>\n<\/tr>\n<tr>\n<td>F. Actividad en Internet u otra red similar.<\/td>\n<td>Historial de navegaci\u00f3n, historial de b\u00fasqueda e informaci\u00f3n sobre la interacci\u00f3n de un consumidor con un sitio web, una aplicaci\u00f3n o un anuncio.<\/td>\n<td>S\u00cd<\/td>\n<\/tr>\n<tr>\n<td>G. Datos de geolocalizaci\u00f3n.<\/td>\n<td>Ubicaci\u00f3n f\u00edsica o movimientos.<\/td>\n<td>S\u00cd<\/td>\n<\/tr>\n<tr>\n<td>H. Datos sensoriales.<\/td>\n<td>Informaci\u00f3n de audio, electr\u00f3nica, visual, t\u00e9rmica, olfativa o similar.<\/td>\n<td>NO<\/td>\n<\/tr>\n<tr>\n<td>I. Informaci\u00f3n profesional o relacionada con el empleo.<\/td>\n<td>Historial laboral o evaluaciones de desempe\u00f1o actuales o pasadas.<\/td>\n<td>NO<\/td>\n<\/tr>\n<tr>\n<td>J. Informaci\u00f3n educativa no p\u00fablica (seg\u00fan la Ley de Derechos de Privacidad y Educaci\u00f3n Familiar (20 U.S.C. Secci\u00f3n 1232g, 34 C.F.R. Parte 99)).<\/td>\n<td>Los registros educativos est\u00e1n directamente relacionados con un estudiante y son mantenidos por una instituci\u00f3n educativa o una parte que act\u00faa en su nombre, como calificaciones, expedientes acad\u00e9micos, listas de clase, horarios de estudiantes, c\u00f3digos de identificaci\u00f3n de estudiantes, informaci\u00f3n financiera de estudiantes o registros disciplinarios de estudiantes.<\/td>\n<td>NO<\/td>\n<\/tr>\n<tr>\n<td>K. Se extraen inferencias de otra informaci\u00f3n personal.<\/td>\n<td>Un perfil refleja las preferencias, caracter\u00edsticas, tendencias psicol\u00f3gicas, predisposiciones, comportamiento, actitudes, inteligencia, habilidades y aptitudes de una persona.<\/td>\n<td>NO<\/td>\n<\/tr>\n<\/tbody>\n<\/table>\n<\/figure>\n<p><!-- \/wp:table --><\/p>\n<p><!-- wp:paragraph --><\/p>\n<p>Informaci\u00f3n personal no incluye:<\/p>\n<p><!-- \/wp:paragraph --><\/p>\n<p><!-- wp:list --><\/p>\n<ul>\n<li>Informaci\u00f3n disponible p\u00fablicamente de registros gubernamentales.<\/li>\n<li>Informaci\u00f3n de consumidor an\u00f3nima o agregada.<\/li>\n<li>Informaci\u00f3n excluida del alcance de la CCPA, como cierta informaci\u00f3n de salud o m\u00e9dica y otras categor\u00edas de informaci\u00f3n protegidas por diferentes leyes.<\/li>\n<\/ul>\n<p><!-- \/wp:list --><\/p>\n<p><!-- wp:paragraph --><\/p>\n<p>Obtenemos las categor\u00edas de informaci\u00f3n personal enumeradas anteriormente de las siguientes categor\u00edas de fuentes:<\/p>\n<p><!-- \/wp:paragraph --><\/p>\n<p><!-- wp:list --><\/p>\n<ul>\n<li>Directamente de ti. Por ejemplo, de formularios que completas o productos y servicios que compras.<\/li>\n<li>Indirectamente de ti. Por ejemplo, al observar tus acciones en nuestro sitio web.<\/li>\n<\/ul>\n<p><!-- \/wp:list --><\/p>\n<p><!-- wp:heading {\"level\":2} --><\/p>\n<h2>Uso de Informaci\u00f3n Personal<\/h2>\n<p><!-- \/wp:heading --><\/p>\n<p><!-- wp:paragraph --><\/p>\n<p>Podemos usar o divulgar la informaci\u00f3n personal que recopilamos para uno o m\u00e1s de los siguientes fines comerciales:<\/p>\n<p><!-- \/wp:paragraph --><\/p>\n<p><!-- wp:list --><\/p>\n<ul>\n<li>Para cumplir con el motivo por el cual proporcion\u00f3 la informaci\u00f3n. Por ejemplo, si comparte su nombre e informaci\u00f3n de contacto para solicitar una cotizaci\u00f3n de precio o hacer una pregunta sobre nuestros servicios, utilizaremos esa informaci\u00f3n personal para responder a su consulta. Si proporciona su informaci\u00f3n personal para comprar un producto o servicio, utilizaremos esa informaci\u00f3n para procesar su pago y facilitar la entrega. Tambi\u00e9n podemos guardar su informaci\u00f3n para facilitar nuevos pedidos de productos o procesar devoluciones.<\/li>\n<li>Para procesar tus solicitudes, compras, transacciones y pagos, y prevenir fraudes transaccionales.<\/li>\n<li>Para brindarle soporte y responder a sus consultas, incluyendo la investigaci\u00f3n y atenci\u00f3n de sus inquietudes, adem\u00e1s de monitorear y mejorar nuestras respuestas.<\/li>\n<li>Para responder a solicitudes de las autoridades policiales y seg\u00fan lo exija la ley aplicable, una orden judicial o las regulaciones gubernamentales.<\/li>\n<li>Seg\u00fan se le describi\u00f3 al recopilar su informaci\u00f3n personal o como se indica de otra manera en la CCPA.<\/li>\n<li>Para evaluar o realizar una fusi\u00f3n, desinversi\u00f3n o reestructuraci\u00f3n, reorganizaci\u00f3n, disoluci\u00f3n u otra venta o transferencia de todos o parte de nuestros activos o los de nuestras afiliadas en los que la informaci\u00f3n personal que nosotros o nuestras afiliadas poseemos sobre los usuarios de nuestro sitio web se encuentre entre los activos transferidos.<\/li>\n<\/ul>\n<p><!-- \/wp:list --><\/p>\n<p><!-- wp:paragraph --><\/p>\n<p>No recopilaremos categor\u00edas adicionales de informaci\u00f3n personal ni utilizaremos la informaci\u00f3n personal que recopilamos para fines materialmente diferentes, no relacionados o incompatibles sin\n\nproporcionarle un aviso.<\/p>\n<p><!-- \/wp:paragraph --><\/p>\n<p><!-- wp:heading {\"level\":2} --><\/p>\n<h2>Compartir informaci\u00f3n personal<\/h2>\n<p><!-- \/wp:heading --><\/p>\n<p><!-- wp:paragraph --><\/p>\n<p>Podemos divulgar su informaci\u00f3n personal a un tercero para fines comerciales. Cuando divulgamos informaci\u00f3n personal para fines comerciales, celebramos un contrato que describe el prop\u00f3sito y exige al destinatario que mantenga la confidencialidad de esa informaci\u00f3n personal y que no la utilice para ning\u00fan prop\u00f3sito, excepto para cumplir con el contrato.<\/p>\n<p><!-- \/wp:paragraph --><\/p>\n<p><!-- wp:paragraph --><\/p>\n<p>Compartimos tu informaci\u00f3n personal con las siguientes categor\u00edas de terceros:<\/p>\n<p><!-- \/wp:paragraph --><\/p>\n<p><!-- wp:list --><\/p>\n<ul>\n<li>Proveedores de servicios.<\/li>\n<li>Agregadores de datos.<\/li>\n<\/ul>\n<p><!-- \/wp:list --><\/p>\n<p><!-- wp:shortcode --><\/p>\n<p><!-- \/wp:shortcode --><\/p>\n<p><!-- wp:heading {\"level\":2} --><\/p>\n<h2>Tus derechos y opciones<\/h2>\n<p><!-- \/wp:heading --><\/p>\n<p><!-- wp:paragraph --><\/p>\n<p>La CCPA otorga a los consumidores (residentes de California) derechos espec\u00edficos sobre su informaci\u00f3n personal. Esta secci\u00f3n describe sus derechos de la CCPA y explica c\u00f3mo ejercerlos.<\/p>\n<p><!-- \/wp:paragraph --><\/p>\n<p><!-- wp:heading {\"level\":3} --><\/p>\n<h3>Derechos de Acceso a Informaci\u00f3n y Portabilidad de Datos Espec\u00edficos<\/h3>\n<p><!-- \/wp:heading --><\/p>\n<p><!-- wp:paragraph --><\/p>\n<p>Tiene derecho a solicitar que le revelemos cierta informaci\u00f3n sobre nuestra recopilaci\u00f3n y uso de su informaci\u00f3n personal durante los \u00faltimos 12 meses. Una vez que recibamos y confirmemos su solicitud verificable de consumidor (ver Ejercicio de los derechos de acceso, portabilidad de datos y eliminaci\u00f3n), le divulgaremos:<\/p>\n<p><!-- \/wp:paragraph --><\/p>\n<p><!-- wp:list --><\/p>\n<ul>\n<li>Las categor\u00edas de informaci\u00f3n personal que hemos recopilado sobre ti.<\/li>\n<li>Las categor\u00edas de fuentes de la informaci\u00f3n personal que hemos recopilado sobre usted.<\/li>\n<li>Nuestro prop\u00f3sito comercial o de negocios para recopilar o vender esa informaci\u00f3n personal.<\/li>\n<li>Las categor\u00edas de terceros con quienes compartimos esa informaci\u00f3n personal.<\/li>\n<li>Las piezas espec\u00edficas de informaci\u00f3n personal que hemos recopilado sobre usted (tambi\u00e9n llamada solicitud de portabilidad de datos).<\/li>\n<li>Si vendimos o divulgamos tu informaci\u00f3n personal para un prop\u00f3sito comercial, se divulgar\u00e1n dos categor\u00edas separadas:<br \/><!-- wp:list -->\n<ul>\n<li>ventas, identificando las categor\u00edas de informaci\u00f3n personal que cada categor\u00eda de destinatario compr\u00f3; y<\/li>\n<li>divulgaciones para fines comerciales, identificando las categor\u00edas de informaci\u00f3n personal que cada categor\u00eda de destinatario obtuvo.<\/li>\n<\/ul>\n<p><!-- \/wp:list --><\/p>\n<\/li>\n<\/ul>\n<p><!-- \/wp:list --><\/p>\n<p><!-- wp:heading {\"level\":3} --><\/p>\n<h3>Derechos de solicitud de eliminaci\u00f3n<\/h3>\n<p><!-- \/wp:heading --><\/p>\n<p><!-- wp:paragraph --><\/p>\n<p>Tiene derecho a solicitar que eliminemos cualquier informaci\u00f3n personal que hayamos recopilado y conservado de usted, sujeta a ciertas excepciones. Una vez que recibamos y confirmemos su solicitud verificable de consumidor (ver Ejercicio de los derechos de acceso, portabilidad de datos y eliminaci\u00f3n), eliminaremos (y ordenaremos a nuestros proveedores de servicios que eliminen) su informaci\u00f3n personal de nuestros registros, a menos que aplique una excepci\u00f3n.<\/p>\n<p><!-- \/wp:paragraph --><\/p>\n<p><!-- wp:paragraph --><\/p>\n<p>Podr\u00edamos denegar tu solicitud de eliminaci\u00f3n si conservar la informaci\u00f3n es necesario para nosotros o nuestros proveedores de servicios para:<\/p>\n<p><!-- \/wp:paragraph --><\/p>\n<p><!-- wp:list --><\/p>\n<ul>\n<li>Completar la transacci\u00f3n para la cual recopilamos tu informaci\u00f3n personal, proporcionarte un bien o servicio que solicitaste, realizar acciones razonablemente anticipadas en el contexto de nuestra relaci\u00f3n comercial continua contigo, o de lo contrario, cumplir nuestro contrato contigo.<\/li>\n<li>Detectar incidentes de seguridad, proteger contra actividades maliciosas, enga\u00f1osas, fraudulentas o ilegales, o procesar a los responsables de dichas actividades.<\/li>\n<li>Depurar productos para identificar y reparar errores que afectan la funcionalidad intencionada existente.<\/li>\n<li>Cumpla con la Ley de Privacidad de Comunicaciones Electr\u00f3nicas de California (Cal. Penal Code \u00a7 1546 seq.). Habilite usos exclusivamente internos que est\u00e9n razonablemente alineados con las expectativas del consumidor bas\u00e1ndose en su relaci\u00f3n con nosotros.<\/li>\n<li>Cumplir con una obligaci\u00f3n legal.<\/li>\n<li>Realizar otros usos internos y legales de esa informaci\u00f3n que sean compatibles con el contexto en el que la proporcion\u00f3.<\/li>\n<\/ul>\n<p><!-- \/wp:list --><\/p>\n<p><!-- wp:heading {\"level\":3} --><\/p>\n<h3>Ejercer los derechos de acceso, portabilidad y eliminaci\u00f3n de datos<\/h3>\n<p><!-- \/wp:heading --><\/p>\n<p><!-- wp:paragraph --><\/p>\n<p>Para ejercer los derechos de acceso, portabilidad de datos y supresi\u00f3n descritos anteriormente, env\u00edenos una solicitud de consumidor verificable mediante cualquiera de las siguientes opciones:<\/p>\n<p><!-- \/wp:paragraph --><\/p>\n<p><!-- wp:list --><\/p>\n<ul>\n<li>Ll\u00e1manos al +1 661-524-6591<\/li>\n<li>Enviarnos un correo a legal@jbeanwefiteam.com<\/li>\n<\/ul>\n<p><!-- \/wp:list --><\/p>\n<p><!-- wp:paragraph --><\/p>\n<p>Solo usted o una persona registrada ante la Secretar\u00eda de Estado de California a quien usted autorice.<\/p>\n<p><!-- \/wp:paragraph --><\/p>\n<p><!-- wp:paragraph --><\/p>\n<p>Solo puede realizar una solicitud de acceso o portabilidad de datos verificable por parte del consumidor dos veces dentro de un per\u00edodo de 12 meses. La solicitud de acceso o portabilidad de datos verificable por parte del consumidor debe:<\/p>\n<p><!-- \/wp:paragraph --><\/p>\n<p><!-- wp:list --><\/p>\n<ul>\n<li>Proporcione informaci\u00f3n suficiente que nos permita verificar razonablemente que usted es la persona sobre la que hemos recopilado informaci\u00f3n personal o un representante autorizado.<\/li>\n<li>Describa su solicitud con suficiente detalle para que podamos comprenderla, evaluarla y responderla adecuadamente.<\/li>\n<\/ul>\n<p><!-- \/wp:list --><\/p>\n<p><!-- wp:paragraph --><\/p>\n<p>No podemos responder a tu solicitud ni proporcionarte informaci\u00f3n personal si no podemos verificar tu identidad o autoridad para realizar la solicitud y confirmar que la informaci\u00f3n personal te concierne.<\/p>\n<p><!-- \/wp:paragraph --><\/p>\n<p><!-- wp:paragraph --><\/p>\n<p>Realizar una solicitud verificable para el consumidor no requiere que cree una cuenta con nosotros.<\/p>\n<p><!-- \/wp:paragraph --><\/p>\n<p><!-- wp:paragraph --><\/p>\n<p>Solo utilizaremos la informaci\u00f3n personal proporcionada en una solicitud verificable del consumidor para verificar la identidad del solicitante o su autoridad para realizar la solicitud.<\/p>\n<p><!-- \/wp:paragraph --><\/p>\n<p><!-- wp:heading {\"level\":3} --><\/p>\n<h3>Tiempos y formato de respuesta<\/h3>\n<p><!-- \/wp:heading --><\/p>\n<p><!-- wp:paragraph --><\/p>\n<p>Nos esforzamos por responder a una solicitud verificable del consumidor dentro de los cuarenta y cinco (45) d\u00edas posteriores a su recepci\u00f3n. Si requerimos m\u00e1s tiempo, le informaremos el motivo y el per\u00edodo de extensi\u00f3n por escrito.<\/p>\n<p><!-- \/wp:paragraph --><\/p>\n<p><!-- wp:paragraph --><\/p>\n<p>Entregaremos nuestra respuesta por escrito por correo postal o electr\u00f3nicamente, seg\u00fan su elecci\u00f3n.<\/p>\n<p><!-- \/wp:paragraph --><\/p>\n<p><!-- wp:paragraph --><\/p>\n<p>Cualquier divulgaci\u00f3n que proporcionemos solo cubrir\u00e1 el per\u00edodo de 12 meses anterior a la recepci\u00f3n de la solicitud verificable del consumidor. La respuesta que proporcionemos tambi\u00e9n explicar\u00e1 las razones por las cuales no podemos cumplir con una solicitud, si corresponde. Para las solicitudes de portabilidad de datos, seleccionaremos un formato para proporcionar su informaci\u00f3n personal que sea f\u00e1cilmente utilizable y que le permita transmitir la informaci\u00f3n de una entidad a otra sin impedimentos.<\/p>\n<p><!-- \/wp:paragraph --><\/p>\n<p><!-- wp:paragraph --><\/p>\n<p>No cobramos ninguna tarifa para procesar o responder a tu solicitud verificable de consumidor a menos que sea excesiva, repetitiva o manifiestamente infundada. Si determinamos que la solicitud justifica una tarifa, te diremos por qu\u00e9 tomamos esa decisi\u00f3n y te proporcionaremos una estimaci\u00f3n de costos antes de completar tu solicitud.<\/p>\n<p><!-- \/wp:paragraph --><\/p>\n<p><!-- wp:heading {\"level\":3} --><\/p>\n<h3>Venta de Informaci\u00f3n Personal<\/h3>\n<p><!-- \/wp:heading --><\/p>\n<p><!-- wp:paragraph --><\/p>\n<p>No venderemos tu informaci\u00f3n personal a ning\u00fan tercero. Si en el futuro anticipamos vender tu informaci\u00f3n personal a cualquier parte, te proporcionaremos los derechos de exclusi\u00f3n y opci\u00f3n de compra requeridos por la CCPA.<\/p>\n<p><!-- \/wp:paragraph --><\/p>\n<p><!-- wp:heading {\"level\":2} --><\/p>\n<h2>No discriminaci\u00f3n<\/h2>\n<p><!-- \/wp:heading --><\/p>\n<p><!-- wp:paragraph --><\/p>\n<p>No lo discriminaremos por ejercer cualquiera de sus derechos de la CCPA. A menos que lo permita la CCPA, no:<\/p>\n<p><!-- \/wp:paragraph --><\/p>\n<p><!-- wp:list --><\/p>\n<ul>\n<li>Denegarte bienes o servicios.<\/li>\n<li>Cobrar diferentes precios o tarifas por bienes o servicios, incluso mediante la concesi\u00f3n de descuentos u otros beneficios, o la imposici\u00f3n de sanciones.<\/li>\n<li>Proporcionarle un nivel o calidad diferente de bienes o servicios.<\/li>\n<li>Es posible que reciba un precio o tarifa diferente para los bienes o servicios, o un nivel o calidad diferente de bienes o servicios.<\/li>\n<\/ul>\n<p><!-- \/wp:list --><\/p>\n<p><!-- wp:heading {\"level\":2} --><\/p>\n<h2>Otros derechos de privacidad de California<\/h2>\n<p><!-- \/wp:heading --><\/p>\n<p><!-- wp:paragraph --><\/p>\n<p>La ley \"Shine the Light\" de California (Secci\u00f3n \u00a7 1798.83 del C\u00f3digo Civil) permite a los usuarios de nuestro Sitio Web que residen en California solicitar cierta informaci\u00f3n sobre la divulgaci\u00f3n de su informaci\u00f3n personal a terceros para fines de marketing directo. Para realizar dicha solicitud, env\u00ede un correo electr\u00f3nico a legal@jbeantv.com.<\/p>\n<p><!-- \/wp:paragraph --><\/p>\n<p><!-- wp:heading {\"level\":2} --><\/p>\n<h2>Cambios en nuestro aviso de privacidad<\/h2>\n<p><!-- \/wp:heading --><\/p>\n<p><!-- wp:paragraph --><\/p>\n<p>Nos reservamos el derecho de modificar este aviso de privacidad a nuestra discreci\u00f3n y en cualquier momento. Cuando realicemos cambios en este aviso de privacidad, publicaremos el aviso actualizado en nuestro sitio web y actualizaremos la fecha de entrada en vigor del aviso. Su uso continuado de nuestro sitio web despu\u00e9s de la publicaci\u00f3n de los cambios constituye su aceptaci\u00f3n de dichos cambios.<\/p>\n<p><!-- \/wp:paragraph --><\/p>\n<p><!-- wp:heading {\"level\":2} --><\/p>\n<h2>Informaci\u00f3n de contacto<\/h2>\n<p><!-- \/wp:heading --><\/p>\n<p><!-- wp:paragraph --><\/p>\n<p>Si tiene alguna pregunta o comentario sobre este aviso, las formas en que recopilamos y utilizamos su informaci\u00f3n descritas a continuaci\u00f3n y en nuestra Pol\u00edtica de Privacidad, sus opciones y derechos con respecto a dicho uso, o desea ejercer sus derechos seg\u00fan la ley de California, no dude en contactarnos a:<\/p>\n<p><!-- \/wp:paragraph --><\/p>\n<p><!-- wp:list --><\/p>\n<ul>\n<li>Tel\u00e9fono: +1 661-524-6591<\/li>\n<li>Sitio web: https:\/\/drew.jbeanwefiteam.com<\/li>\n<li>Correo electr\u00f3nico: legal@jbeanwefiteam.com<\/li>\n<\/ul>\n<p><!-- \/wp:list --><\/p>\n<p><!-- wp:separator --><\/p>\n<hr class=\"wp-block-separator\" \/><!-- \/wp:separator --><\/p>\n<p><!-- wp:paragraph --><\/p>\n<p>\u00daltima actualizaci\u00f3n: 7 de septiembre de 2025<\/p>\n<p><!-- \/wp:paragraph --><\/p>\n<\/div><\/div>\n<\/div>\n<\/div>\n<\/div>","protected":false},"excerpt":{"rendered":"","protected":false},"author":1,"featured_media":389,"parent":0,"menu_order":0,"comment_status":"closed","ping_status":"closed","template":"","meta":{"inline_featured_image":false,"footnotes":""},"class_list":["post-1013","page","type-page","status-publish","has-post-thumbnail","hentry"],"_links":{"self":[{"href":"https:\/\/drew.jbeanwefiteam.com\/es\/wp-json\/wp\/v2\/pages\/1013","targetHints":{"allow":["GET"]}}],"collection":[{"href":"https:\/\/drew.jbeanwefiteam.com\/es\/wp-json\/wp\/v2\/pages"}],"about":[{"href":"https:\/\/drew.jbeanwefiteam.com\/es\/wp-json\/wp\/v2\/types\/page"}],"author":[{"embeddable":true,"href":"https:\/\/drew.jbeanwefiteam.com\/es\/wp-json\/wp\/v2\/users\/1"}],"replies":[{"embeddable":true,"href":"https:\/\/drew.jbeanwefiteam.com\/es\/wp-json\/wp\/v2\/comments?post=1013"}],"version-history":[{"count":4,"href":"https:\/\/drew.jbeanwefiteam.com\/es\/wp-json\/wp\/v2\/pages\/1013\/revisions"}],"predecessor-version":[{"id":1741,"href":"https:\/\/drew.jbeanwefiteam.com\/es\/wp-json\/wp\/v2\/pages\/1013\/revisions\/1741"}],"wp:featuredmedia":[{"embeddable":true,"href":"https:\/\/drew.jbeanwefiteam.com\/es\/wp-json\/wp\/v2\/media\/389"}],"wp:attachment":[{"href":"https:\/\/drew.jbeanwefiteam.com\/es\/wp-json\/wp\/v2\/media?parent=1013"}],"curies":[{"name":"wp","href":"https:\/\/api.w.org\/{rel}","templated":true}]}}